{"id":3308,"date":"2023-11-30T05:48:46","date_gmt":"2023-11-30T04:48:46","guid":{"rendered":"https:\/\/emanuel-zermatt.ch\/?page_id=3308"},"modified":"2026-04-04T16:11:24","modified_gmt":"2026-04-04T14:11:24","slug":"arrival-and-contact","status":"publish","type":"page","link":"https:\/\/emanuel-zermatt.ch\/de\/arrival-and-contact\/","title":{"rendered":"Anreise &amp; Kontakt"},"content":{"rendered":"<div data-elementor-type=\"wp-page\" data-elementor-id=\"3308\" class=\"elementor elementor-3308\" data-elementor-post-type=\"page\">\n\t\t\t\t\t\t<section class=\"elementor-section elementor-top-section elementor-element elementor-element-8b3fed3 cs-section-content-fullwidth elementor-section-boxed elementor-section-height-default elementor-section-height-default\" data-id=\"8b3fed3\" data-element_type=\"section\" data-e-type=\"section\">\n\t\t\t\t\t\t<div class=\"elementor-container elementor-column-gap-no\">\n\t\t\t\t\t<div class=\"elementor-column elementor-col-100 elementor-top-column elementor-element elementor-element-1a2f08bb\" data-id=\"1a2f08bb\" data-element_type=\"column\" data-e-type=\"column\">\n\t\t\t<div class=\"elementor-widget-wrap elementor-element-populated\">\n\t\t\t\t\t\t<div class=\"elementor-element elementor-element-73e92ec8 elementor-widget elementor-widget-cs_title\" data-id=\"73e92ec8\" data-element_type=\"widget\" data-e-type=\"widget\" data-widget_type=\"cs_title.default\">\n\t\t\t\t<div class=\"elementor-widget-container\">\n\t\t\t\t\t\n        <div class=\"cs-title-wrap text-center\">\t            <div class=\"cs-subtitle-wrap\"><span class=\"cs-subtitle color-black\">Wissenswertes, um nach Zermatt zu kommen<\/span><\/div>\t            <h1 class=\"cs-title color-primary\">\n\t                Zermatt ist ein autofreies Dorf\t            <\/h1>\t            <div class=\"cs-title-text\">\n\t                <p>Wenn Sie mit dem Auto anreisen, m\u00fcssen Sie es in T\u00e4sch stehen lassen und einen Shuttle-Zug (oder ein Taxi) nehmen. In T\u00e4sch gibt es mehrere Parkh\u00e4user. Das gr\u00f6sste davon ist das Matterhorn Terminal. Es verf\u00fcgt \u00fcber 2'100 gedeckte Parkpl\u00e4tze und bietet einen direkten Anschluss an den Shuttle-Zug nach Zermatt. Die schnelle und bequeme Shuttle-Fahrt dauert nur 12 Minuten. Ausf\u00fchrliche Informationen finden Sie auf der <span style=\"text-decoration: underline;\"><a href=\"https:\/\/www.matterhorngotthardbahn.ch\/en\/stories\/parking-matterhorn-terminal-taesch\" target=\"_blank\" rel=\"noopener\">offiziellen Website der Matterhorn Gotthard Bahn<\/a><\/span>.<\/p>\t            <\/div>        <\/div>\t\t\t\t<\/div>\n\t\t\t\t<\/div>\n\t\t\t\t<div class=\"elementor-element elementor-element-22633656 elementor-widget elementor-widget-cs_info_box\" data-id=\"22633656\" data-element_type=\"widget\" data-e-type=\"widget\" data-widget_type=\"cs_info_box.default\">\n\t\t\t\t<div class=\"elementor-widget-container\">\n\t\t\t\t\t\n\t\t\t<div class=\"cs-info-box column-3 valign-top img-top text-center\">\n                <div class=\"cs-info-box-wrap\">                    <div class=\"cs-info-box-item elementor-repeater-item-6c33aa7\">\n                    \t<div class=\"cs-item-container\">\t                        <div class=\"cs-info-box-img\"><i aria-hidden=\"true\" class=\"flaticon flaticon-check-in\"><\/i>\t                        <\/div>\t                        <div class=\"cs-info-box-content\">\n\t                            <h2 class=\"cs-title cs-info-box-title\">SBB Zuginformationen\t\t\t\t\t\t\t\t<\/h2>\t                            \t<div class=\"cs-info-box-text\"><p>Besuchen Sie www.sbb.ch, um Ihre beste Verbindung nach T\u00e4sch mit dem Zug zu finden.<\/p><\/div>\t                        <\/div>\t                    <\/div>\n                    <\/div>                    <div class=\"cs-info-box-item elementor-repeater-item-f41bbb4\">\n                    \t<div class=\"cs-item-container\">\t                        <div class=\"cs-info-box-img\"><i aria-hidden=\"true\" class=\"flaticon flaticon-parking\"><\/i>\t                        <\/div>\t                        <div class=\"cs-info-box-content\">\n\t                            <h2 class=\"cs-title cs-info-box-title\">Parkh\u00e4user &amp; Parkpl\u00e4tze\t\t\t\t\t\t\t\t<\/h2>\t                            \t<div class=\"cs-info-box-text\"><p>Alle Autos m\u00fcssen in T\u00e4sch bleiben. F\u00fcr den schnellsten Zugang zum Shuttlezug benutzen Sie das Matterhorn Terminal.<\/p><\/div>\t                        <\/div>\t                    <\/div>\n                    <\/div>                    <div class=\"cs-info-box-item elementor-repeater-item-0a01fb1\">\n                    \t<div class=\"cs-item-container\">\t                        <div class=\"cs-info-box-img\"><i aria-hidden=\"true\" class=\"flaticon flaticon-car\"><\/i>\t                        <\/div>\t                        <div class=\"cs-info-box-content\">\n\t                            <h2 class=\"cs-title cs-info-box-title\">Taxi Voucher\t\t\t\t\t\t\t\t<\/h2>\t                            \t<div class=\"cs-info-box-text\"><p>Bei Ihrer Buchung k\u00f6nnen Sie bei Bedarf ein Taxigutschein zum Sonderpreis hinzuf\u00fcgen.<\/p><\/div>\t                        <\/div>\t                    <\/div>\n                    <\/div>\t\t\t\t<\/div>\n\t\t\t<\/div>\t\t\t\t<\/div>\n\t\t\t\t<\/div>\n\t\t\t\t<div class=\"elementor-element elementor-element-ed31677 elementor-widget elementor-widget-spacer\" data-id=\"ed31677\" data-element_type=\"widget\" data-e-type=\"widget\" data-widget_type=\"spacer.default\">\n\t\t\t\t<div class=\"elementor-widget-container\">\n\t\t\t\t\t\t\t<div class=\"elementor-spacer\">\n\t\t\t<div class=\"elementor-spacer-inner\"><\/div>\n\t\t<\/div>\n\t\t\t\t\t\t<\/div>\n\t\t\t\t<\/div>\n\t\t\t\t\t<\/div>\n\t\t<\/div>\n\t\t\t\t\t<\/div>\n\t\t<\/section>\n\t\t\t\t<section class=\"elementor-section elementor-top-section elementor-element elementor-element-7639d42b cs-section-content-fullwidth cs-parallax-on-scroll cs_scroll_y_80 elementor-section-boxed elementor-section-height-default elementor-section-height-default\" data-id=\"7639d42b\" data-element_type=\"section\" data-e-type=\"section\" data-settings=\"{&quot;background_background&quot;:&quot;classic&quot;}\" data-cs-parallax-y=\"80\" style=\"background-image: none;\" data-cs-background-image=\"https:\/\/emanuel-zermatt.ch\/wp-content\/uploads\/2023\/11\/vita-vilcina-VMLGC5A3QTE-unsplash.jpg\">\n\t\t\t\t\t\t\t<div class=\"elementor-background-overlay\"><\/div>\n\t\t\t\t\t\t\t<div class=\"elementor-container elementor-column-gap-no\">\n\t\t\t\t\t<div class=\"elementor-column elementor-col-100 elementor-top-column elementor-element elementor-element-50e36cad dark-color\" data-id=\"50e36cad\" data-element_type=\"column\" data-e-type=\"column\">\n\t\t\t<div class=\"elementor-widget-wrap elementor-element-populated\">\n\t\t\t\t\t\t<div class=\"elementor-element elementor-element-36b2e5c1 elementor-widget elementor-widget-cs_title\" data-id=\"36b2e5c1\" data-element_type=\"widget\" data-e-type=\"widget\" data-widget_type=\"cs_title.default\">\n\t\t\t\t<div class=\"elementor-widget-container\">\n\t\t\t\t\t\n        <div class=\"cs-title-wrap text-center\">\t            <div class=\"cs-subtitle-wrap\"><span class=\"cs-subtitle color-primary\">Ungef\u00e4hre Reisezeit <\/span><\/div>\t            <h2 class=\"cs-title\">\n\t                vom Flughafen nach Zermatt\t            <\/h2>        <\/div>\t\t\t\t<\/div>\n\t\t\t\t<\/div>\n\t\t\t\t<div class=\"elementor-element elementor-element-dc6b2ac elementor-widget elementor-widget-spacer\" data-id=\"dc6b2ac\" data-element_type=\"widget\" data-e-type=\"widget\" data-widget_type=\"spacer.default\">\n\t\t\t\t<div class=\"elementor-widget-container\">\n\t\t\t\t\t\t\t<div class=\"elementor-spacer\">\n\t\t\t<div class=\"elementor-spacer-inner\"><\/div>\n\t\t<\/div>\n\t\t\t\t\t\t<\/div>\n\t\t\t\t<\/div>\n\t\t\t\t<section class=\"elementor-section elementor-inner-section elementor-element elementor-element-62fdf82e elementor-section-boxed elementor-section-height-default elementor-section-height-default\" data-id=\"62fdf82e\" data-element_type=\"section\" data-e-type=\"section\">\n\t\t\t\t\t\t<div class=\"elementor-container elementor-column-gap-default\">\n\t\t\t\t\t<div class=\"elementor-column elementor-col-33 elementor-inner-column elementor-element elementor-element-775a5559\" data-id=\"775a5559\" data-element_type=\"column\" data-e-type=\"column\">\n\t\t\t<div class=\"elementor-widget-wrap elementor-element-populated\">\n\t\t\t\t\t\t<div class=\"elementor-element elementor-element-327078d7 elementor-widget elementor-widget-cs_title\" data-id=\"327078d7\" data-element_type=\"widget\" data-e-type=\"widget\" data-widget_type=\"cs_title.default\">\n\t\t\t\t<div class=\"elementor-widget-container\">\n\t\t\t\t\t\n        <div class=\"cs-title-wrap text-center\">\t            <h3 class=\"cs-title\">\n\t                Z\u00fcrich (ZRH)\t            <\/h3>        <\/div>\t\t\t\t<\/div>\n\t\t\t\t<\/div>\n\t\t\t\t<div class=\"elementor-element elementor-element-4f5a4429 elementor-widget elementor-widget-counter\" data-id=\"4f5a4429\" data-element_type=\"widget\" data-e-type=\"widget\" data-widget_type=\"counter.default\">\n\t\t\t\t<div class=\"elementor-widget-container\">\n\t\t\t\t\t\t\t<div class=\"elementor-counter\">\n\t\t\t<div class=\"elementor-counter-title\">Stunden (Zug)<\/div>\t\t\t<div class=\"elementor-counter-number-wrapper\">\n\t\t\t\t<span class=\"elementor-counter-number-prefix\"><\/span>\n\t\t\t\t<span class=\"elementor-counter-number\" data-duration=\"2000\" data-to-value=\"3.42\" data-from-value=\"3\">3<\/span>\n\t\t\t\t<span class=\"elementor-counter-number-suffix\"><\/span>\n\t\t\t<\/div>\n\t\t<\/div>\n\t\t\t\t\t\t<\/div>\n\t\t\t\t<\/div>\n\t\t\t\t<div class=\"elementor-element elementor-element-bce4430 elementor-widget elementor-widget-counter\" data-id=\"bce4430\" data-element_type=\"widget\" data-e-type=\"widget\" data-widget_type=\"counter.default\">\n\t\t\t\t<div class=\"elementor-widget-container\">\n\t\t\t\t\t\t\t<div class=\"elementor-counter\">\n\t\t\t<div class=\"elementor-counter-title\">Stunden (Auto)<\/div>\t\t\t<div class=\"elementor-counter-number-wrapper\">\n\t\t\t\t<span class=\"elementor-counter-number-prefix\"><\/span>\n\t\t\t\t<span class=\"elementor-counter-number\" data-duration=\"2000\" data-to-value=\"3.55\" data-from-value=\"3\" data-delimiter=\",\">3<\/span>\n\t\t\t\t<span class=\"elementor-counter-number-suffix\"><\/span>\n\t\t\t<\/div>\n\t\t<\/div>\n\t\t\t\t\t\t<\/div>\n\t\t\t\t<\/div>\n\t\t\t\t\t<\/div>\n\t\t<\/div>\n\t\t\t\t<div class=\"elementor-column elementor-col-33 elementor-inner-column elementor-element elementor-element-76436ffe\" data-id=\"76436ffe\" data-element_type=\"column\" data-e-type=\"column\">\n\t\t\t<div class=\"elementor-widget-wrap elementor-element-populated\">\n\t\t\t\t\t\t<div class=\"elementor-element elementor-element-34d3041c elementor-widget elementor-widget-cs_title\" data-id=\"34d3041c\" data-element_type=\"widget\" data-e-type=\"widget\" data-widget_type=\"cs_title.default\">\n\t\t\t\t<div class=\"elementor-widget-container\">\n\t\t\t\t\t\n        <div class=\"cs-title-wrap text-center\">\t            <h3 class=\"cs-title\">\n\t                Mailand Malpensa (MXP)\t            <\/h3>        <\/div>\t\t\t\t<\/div>\n\t\t\t\t<\/div>\n\t\t\t\t<div class=\"elementor-element elementor-element-65db0368 elementor-widget elementor-widget-counter\" data-id=\"65db0368\" data-element_type=\"widget\" data-e-type=\"widget\" data-widget_type=\"counter.default\">\n\t\t\t\t<div class=\"elementor-widget-container\">\n\t\t\t\t\t\t\t<div class=\"elementor-counter\">\n\t\t\t<div class=\"elementor-counter-title\">Stunden (Zug)<\/div>\t\t\t<div class=\"elementor-counter-number-wrapper\">\n\t\t\t\t<span class=\"elementor-counter-number-prefix\"><\/span>\n\t\t\t\t<span class=\"elementor-counter-number\" data-duration=\"2000\" data-to-value=\"4.38\" data-from-value=\"4\" data-delimiter=\",\">4<\/span>\n\t\t\t\t<span class=\"elementor-counter-number-suffix\"><\/span>\n\t\t\t<\/div>\n\t\t<\/div>\n\t\t\t\t\t\t<\/div>\n\t\t\t\t<\/div>\n\t\t\t\t<div class=\"elementor-element elementor-element-bd5cb5a elementor-widget elementor-widget-counter\" data-id=\"bd5cb5a\" data-element_type=\"widget\" data-e-type=\"widget\" data-widget_type=\"counter.default\">\n\t\t\t\t<div class=\"elementor-widget-container\">\n\t\t\t\t\t\t\t<div class=\"elementor-counter\">\n\t\t\t<div class=\"elementor-counter-title\">Stunden (Auto)<\/div>\t\t\t<div class=\"elementor-counter-number-wrapper\">\n\t\t\t\t<span class=\"elementor-counter-number-prefix\"><\/span>\n\t\t\t\t<span class=\"elementor-counter-number\" data-duration=\"2000\" data-to-value=\"3.02\" data-from-value=\"3\" data-delimiter=\",\">3<\/span>\n\t\t\t\t<span class=\"elementor-counter-number-suffix\"><\/span>\n\t\t\t<\/div>\n\t\t<\/div>\n\t\t\t\t\t\t<\/div>\n\t\t\t\t<\/div>\n\t\t\t\t\t<\/div>\n\t\t<\/div>\n\t\t\t\t<div class=\"elementor-column elementor-col-33 elementor-inner-column elementor-element elementor-element-6b39a294\" data-id=\"6b39a294\" data-element_type=\"column\" data-e-type=\"column\">\n\t\t\t<div class=\"elementor-widget-wrap elementor-element-populated\">\n\t\t\t\t\t\t<div class=\"elementor-element elementor-element-5e6307e8 elementor-widget elementor-widget-cs_title\" data-id=\"5e6307e8\" data-element_type=\"widget\" data-e-type=\"widget\" data-widget_type=\"cs_title.default\">\n\t\t\t\t<div class=\"elementor-widget-container\">\n\t\t\t\t\t\n        <div class=\"cs-title-wrap text-center\">\t            <h3 class=\"cs-title\">\n\t                Genf (GVA)\t            <\/h3>        <\/div>\t\t\t\t<\/div>\n\t\t\t\t<\/div>\n\t\t\t\t<div class=\"elementor-element elementor-element-72b1cf25 elementor-widget elementor-widget-counter\" data-id=\"72b1cf25\" data-element_type=\"widget\" data-e-type=\"widget\" data-widget_type=\"counter.default\">\n\t\t\t\t<div class=\"elementor-widget-container\">\n\t\t\t\t\t\t\t<div class=\"elementor-counter\">\n\t\t\t<div class=\"elementor-counter-title\">Stunden (Zug)<\/div>\t\t\t<div class=\"elementor-counter-number-wrapper\">\n\t\t\t\t<span class=\"elementor-counter-number-prefix\"><\/span>\n\t\t\t\t<span class=\"elementor-counter-number\" data-duration=\"2000\" data-to-value=\"3.42\" data-from-value=\"3\" data-delimiter=\",\">3<\/span>\n\t\t\t\t<span class=\"elementor-counter-number-suffix\"><\/span>\n\t\t\t<\/div>\n\t\t<\/div>\n\t\t\t\t\t\t<\/div>\n\t\t\t\t<\/div>\n\t\t\t\t<div class=\"elementor-element elementor-element-2f25d30 elementor-widget elementor-widget-counter\" data-id=\"2f25d30\" data-element_type=\"widget\" data-e-type=\"widget\" data-widget_type=\"counter.default\">\n\t\t\t\t<div class=\"elementor-widget-container\">\n\t\t\t\t\t\t\t<div class=\"elementor-counter\">\n\t\t\t<div class=\"elementor-counter-title\">Stunden (Auto)<\/div>\t\t\t<div class=\"elementor-counter-number-wrapper\">\n\t\t\t\t<span class=\"elementor-counter-number-prefix\"><\/span>\n\t\t\t\t<span class=\"elementor-counter-number\" data-duration=\"2000\" data-to-value=\"3.05\" data-from-value=\"3\" data-delimiter=\",\">3<\/span>\n\t\t\t\t<span class=\"elementor-counter-number-suffix\"><\/span>\n\t\t\t<\/div>\n\t\t<\/div>\n\t\t\t\t\t\t<\/div>\n\t\t\t\t<\/div>\n\t\t\t\t\t<\/div>\n\t\t<\/div>\n\t\t\t\t\t<\/div>\n\t\t<\/section>\n\t\t\t\t\t<\/div>\n\t\t<\/div>\n\t\t\t\t\t<\/div>\n\t\t<\/section>\n\t\t\t\t<\/div>","protected":false},"excerpt":{"rendered":"<p>Alles, was Sie wissen m\u00fcssen, um nach Zermatt zu kommen Zermatt ist ein autofreies Dorf. Wenn Sie mit dem Auto anreisen, m\u00fcssen Sie es in T\u00e4sch stehen lassen und einen Shuttle-Zug (oder ein Taxi) nehmen. In T\u00e4sch gibt es mehrere Parkh\u00e4user. Das gr\u00f6sste davon ist das Matterhorn Terminal. Es verf\u00fcgt \u00fcber 2.100 \u00fcberdachte Parkpl\u00e4tze ...<\/p>","protected":false},"author":1,"featured_media":3425,"parent":0,"menu_order":2,"comment_status":"closed","ping_status":"closed","template":"template-fullwidth.php","meta":{"cozystay_single_page_hide_site_header":"","cozystay_single_page_site_header_source":"","cozystay_single_page_custom_site_header":"0","cozystay_single_page_custom_sticky_site_header":"0","cozystay_single_page_hide_page_title":"","cozystay_single_page_header_section_size":"","cozystay_single_page_header_background_color":"","cozystay_single_page_header_background_position_x":"center","cozystay_single_page_header_background_position_y":"center","cozystay_single_page_header_background_size":"cover","cozystay_single_page_header_background_repeat":"off","cozystay_single_page_header_background_scroll":"on","cozystay_single_page_header_text_color":"","cozystay_single_page_header_show_breadcrumb":"","cozystay_single_page_site_footer_hide_main":"","cozystay_single_custom_site_footer_main_source":"","cozystay_single_custom_site_footer_main":"0","cozystay_single_page_site_footer_hide_above":"","cozystay_single_custom_site_footer_above_source":"","cozystay_single_custom_site_footer_above":"0","cozystay_single_page_site_footer_hide_instagram":"","cozystay_single_page_site_footer_hide_bottom":"","cozystay_single_custom_mobile_menu_source":"","cozystay_single_custom_mobile_menu":"0","cozystay_single_custom_mobile_menu_animation":"","cozystay_single_custom_mobile_menu_width":"","cozystay_single_custom_mobile_menu_custom_width":375,"footnotes":""},"class_list":["post-3308","page","type-page","status-publish","has-post-thumbnail","hentry"],"yoast_head":"<!-- This site is optimized with the Yoast SEO plugin v27.4 - https:\/\/yoast.com\/product\/yoast-seo-wordpress\/ -->\n<title>Arrival &amp; Contact - Villa Emanuel<\/title>\n<meta name=\"description\" content=\"Find your way to Emanuel Apartments in Zermatt. Contact details, travel information and directions for a easy arrival in the Swiss Alps.\" \/>\n<meta name=\"robots\" content=\"index, follow, max-snippet:-1, max-image-preview:large, max-video-preview:-1\" \/>\n<link rel=\"canonical\" href=\"https:\/\/emanuel-zermatt.ch\/de\/arrival-and-contact\/\" \/>\n<meta property=\"og:locale\" content=\"de_DE\" \/>\n<meta property=\"og:type\" content=\"article\" \/>\n<meta property=\"og:title\" content=\"Arrival &amp; Contact - Villa Emanuel\" \/>\n<meta property=\"og:description\" content=\"Find your way to Emanuel Apartments in Zermatt. Contact details, travel information and directions for a easy arrival in the Swiss Alps.\" \/>\n<meta property=\"og:url\" content=\"https:\/\/emanuel-zermatt.ch\/de\/arrival-and-contact\/\" \/>\n<meta property=\"og:site_name\" content=\"Villa Emanuel\" \/>\n<meta property=\"article:modified_time\" content=\"2026-04-04T14:11:24+00:00\" \/>\n<meta property=\"og:image\" content=\"https:\/\/emanuel-zermatt.ch\/wp-content\/uploads\/2023\/12\/dreamstime_xxl_297147946-scaled.jpg\" \/>\n\t<meta property=\"og:image:width\" content=\"2560\" \/>\n\t<meta property=\"og:image:height\" content=\"1440\" \/>\n\t<meta property=\"og:image:type\" content=\"image\/jpeg\" \/>\n<meta name=\"twitter:card\" content=\"summary_large_image\" \/>\n<meta name=\"twitter:label1\" content=\"Gesch\u00e4tzte Lesezeit\" \/>\n\t<meta name=\"twitter:data1\" content=\"1\u00a0Minute\" \/>\n<script type=\"application\/ld+json\" class=\"yoast-schema-graph\">{\"@context\":\"https:\\\/\\\/schema.org\",\"@graph\":[{\"@type\":\"WebPage\",\"@id\":\"https:\\\/\\\/emanuel-zermatt.ch\\\/arrival-and-contact\\\/\",\"url\":\"https:\\\/\\\/emanuel-zermatt.ch\\\/arrival-and-contact\\\/\",\"name\":\"Arrival &amp; Contact - Villa Emanuel\",\"isPartOf\":{\"@id\":\"https:\\\/\\\/emanuel-zermatt.ch\\\/#website\"},\"primaryImageOfPage\":{\"@id\":\"https:\\\/\\\/emanuel-zermatt.ch\\\/arrival-and-contact\\\/#primaryimage\"},\"image\":{\"@id\":\"https:\\\/\\\/emanuel-zermatt.ch\\\/arrival-and-contact\\\/#primaryimage\"},\"thumbnailUrl\":\"https:\\\/\\\/emanuel-zermatt.ch\\\/wp-content\\\/uploads\\\/2023\\\/12\\\/dreamstime_xxl_297147946-scaled.jpg\",\"datePublished\":\"2023-11-30T04:48:46+00:00\",\"dateModified\":\"2026-04-04T14:11:24+00:00\",\"description\":\"Find your way to Emanuel Apartments in Zermatt. Contact details, travel information and directions for a easy arrival in the Swiss Alps.\",\"breadcrumb\":{\"@id\":\"https:\\\/\\\/emanuel-zermatt.ch\\\/arrival-and-contact\\\/#breadcrumb\"},\"inLanguage\":\"de-CH\",\"potentialAction\":[{\"@type\":\"ReadAction\",\"target\":[\"https:\\\/\\\/emanuel-zermatt.ch\\\/arrival-and-contact\\\/\"]}]},{\"@type\":\"ImageObject\",\"inLanguage\":\"de-CH\",\"@id\":\"https:\\\/\\\/emanuel-zermatt.ch\\\/arrival-and-contact\\\/#primaryimage\",\"url\":\"https:\\\/\\\/emanuel-zermatt.ch\\\/wp-content\\\/uploads\\\/2023\\\/12\\\/dreamstime_xxl_297147946-scaled.jpg\",\"contentUrl\":\"https:\\\/\\\/emanuel-zermatt.ch\\\/wp-content\\\/uploads\\\/2023\\\/12\\\/dreamstime_xxl_297147946-scaled.jpg\",\"width\":2560,\"height\":1440},{\"@type\":\"BreadcrumbList\",\"@id\":\"https:\\\/\\\/emanuel-zermatt.ch\\\/arrival-and-contact\\\/#breadcrumb\",\"itemListElement\":[{\"@type\":\"ListItem\",\"position\":1,\"name\":\"Home\",\"item\":\"https:\\\/\\\/emanuel-zermatt.ch\\\/\"},{\"@type\":\"ListItem\",\"position\":2,\"name\":\"Arrival &amp; Contact\"}]},{\"@type\":\"WebSite\",\"@id\":\"https:\\\/\\\/emanuel-zermatt.ch\\\/#website\",\"url\":\"https:\\\/\\\/emanuel-zermatt.ch\\\/\",\"name\":\"Villa Emanuel\",\"description\":\"\",\"publisher\":{\"@id\":\"https:\\\/\\\/emanuel-zermatt.ch\\\/#organization\"},\"potentialAction\":[{\"@type\":\"SearchAction\",\"target\":{\"@type\":\"EntryPoint\",\"urlTemplate\":\"https:\\\/\\\/emanuel-zermatt.ch\\\/?s={search_term_string}\"},\"query-input\":{\"@type\":\"PropertyValueSpecification\",\"valueRequired\":true,\"valueName\":\"search_term_string\"}}],\"inLanguage\":\"de-CH\"},{\"@type\":\"Organization\",\"@id\":\"https:\\\/\\\/emanuel-zermatt.ch\\\/#organization\",\"name\":\"Villa Emanuel\",\"url\":\"https:\\\/\\\/emanuel-zermatt.ch\\\/\",\"logo\":{\"@type\":\"ImageObject\",\"inLanguage\":\"de-CH\",\"@id\":\"https:\\\/\\\/emanuel-zermatt.ch\\\/#\\\/schema\\\/logo\\\/image\\\/\",\"url\":\"https:\\\/\\\/emanuel-zermatt.ch\\\/wp-content\\\/uploads\\\/2026\\\/02\\\/Villa_Emanuel_quer_neg.svg\",\"contentUrl\":\"https:\\\/\\\/emanuel-zermatt.ch\\\/wp-content\\\/uploads\\\/2026\\\/02\\\/Villa_Emanuel_quer_neg.svg\",\"width\":465,\"height\":104,\"caption\":\"Villa Emanuel\"},\"image\":{\"@id\":\"https:\\\/\\\/emanuel-zermatt.ch\\\/#\\\/schema\\\/logo\\\/image\\\/\"}}]}<\/script>\n<!-- \/ Yoast SEO plugin. -->","yoast_head_json":{"title":"Anreise &amp; Kontakt - Villa Emanuel","description":"Finden Sie den Weg zu Emanuel Apartments in Zermatt. Kontaktdaten, Reiseinformationen und Wegbeschreibung f\u00fcr eine einfache Anreise in die Schweizer Alpen.","robots":{"index":"index","follow":"follow","max-snippet":"max-snippet:-1","max-image-preview":"max-image-preview:large","max-video-preview":"max-video-preview:-1"},"canonical":"https:\/\/emanuel-zermatt.ch\/de\/arrival-and-contact\/","og_locale":"de_DE","og_type":"article","og_title":"Arrival &amp; Contact - Villa Emanuel","og_description":"Find your way to Emanuel Apartments in Zermatt. Contact details, travel information and directions for a easy arrival in the Swiss Alps.","og_url":"https:\/\/emanuel-zermatt.ch\/de\/arrival-and-contact\/","og_site_name":"Villa Emanuel","article_modified_time":"2026-04-04T14:11:24+00:00","og_image":[{"width":2560,"height":1440,"url":"https:\/\/emanuel-zermatt.ch\/wp-content\/uploads\/2023\/12\/dreamstime_xxl_297147946-scaled.jpg","type":"image\/jpeg"}],"twitter_card":"summary_large_image","twitter_misc":{"Gesch\u00e4tzte Lesezeit":"1\u00a0Minute"},"schema":{"@context":"https:\/\/schema.org","@graph":[{"@type":"WebPage","@id":"https:\/\/emanuel-zermatt.ch\/arrival-and-contact\/","url":"https:\/\/emanuel-zermatt.ch\/arrival-and-contact\/","name":"Anreise &amp; Kontakt - Villa Emanuel","isPartOf":{"@id":"https:\/\/emanuel-zermatt.ch\/#website"},"primaryImageOfPage":{"@id":"https:\/\/emanuel-zermatt.ch\/arrival-and-contact\/#primaryimage"},"image":{"@id":"https:\/\/emanuel-zermatt.ch\/arrival-and-contact\/#primaryimage"},"thumbnailUrl":"https:\/\/emanuel-zermatt.ch\/wp-content\/uploads\/2023\/12\/dreamstime_xxl_297147946-scaled.jpg","datePublished":"2023-11-30T04:48:46+00:00","dateModified":"2026-04-04T14:11:24+00:00","description":"Finden Sie den Weg zu Emanuel Apartments in Zermatt. Kontaktdaten, Reiseinformationen und Wegbeschreibung f\u00fcr eine einfache Anreise in die Schweizer Alpen.","breadcrumb":{"@id":"https:\/\/emanuel-zermatt.ch\/arrival-and-contact\/#breadcrumb"},"inLanguage":"de-CH","potentialAction":[{"@type":"ReadAction","target":["https:\/\/emanuel-zermatt.ch\/arrival-and-contact\/"]}]},{"@type":"ImageObject","inLanguage":"de-CH","@id":"https:\/\/emanuel-zermatt.ch\/arrival-and-contact\/#primaryimage","url":"https:\/\/emanuel-zermatt.ch\/wp-content\/uploads\/2023\/12\/dreamstime_xxl_297147946-scaled.jpg","contentUrl":"https:\/\/emanuel-zermatt.ch\/wp-content\/uploads\/2023\/12\/dreamstime_xxl_297147946-scaled.jpg","width":2560,"height":1440},{"@type":"BreadcrumbList","@id":"https:\/\/emanuel-zermatt.ch\/arrival-and-contact\/#breadcrumb","itemListElement":[{"@type":"ListItem","position":1,"name":"Home","item":"https:\/\/emanuel-zermatt.ch\/"},{"@type":"ListItem","position":2,"name":"Arrival &amp; Contact"}]},{"@type":"WebSite","@id":"https:\/\/emanuel-zermatt.ch\/#website","url":"https:\/\/emanuel-zermatt.ch\/","name":"Villa Emanuel","description":"","publisher":{"@id":"https:\/\/emanuel-zermatt.ch\/#organization"},"potentialAction":[{"@type":"SearchAction","target":{"@type":"EntryPoint","urlTemplate":"https:\/\/emanuel-zermatt.ch\/?s={search_term_string}"},"query-input":{"@type":"PropertyValueSpecification","valueRequired":true,"valueName":"search_term_string"}}],"inLanguage":"de-CH"},{"@type":"Organization","@id":"https:\/\/emanuel-zermatt.ch\/#organization","name":"Villa Emanuel","url":"https:\/\/emanuel-zermatt.ch\/","logo":{"@type":"ImageObject","inLanguage":"de-CH","@id":"https:\/\/emanuel-zermatt.ch\/#\/schema\/logo\/image\/","url":"https:\/\/emanuel-zermatt.ch\/wp-content\/uploads\/2026\/02\/Villa_Emanuel_quer_neg.svg","contentUrl":"https:\/\/emanuel-zermatt.ch\/wp-content\/uploads\/2026\/02\/Villa_Emanuel_quer_neg.svg","width":465,"height":104,"caption":"Villa Emanuel"},"image":{"@id":"https:\/\/emanuel-zermatt.ch\/#\/schema\/logo\/image\/"}}]}},"_links":{"self":[{"href":"https:\/\/emanuel-zermatt.ch\/de\/wp-json\/wp\/v2\/pages\/3308","targetHints":{"allow":["GET"]}}],"collection":[{"href":"https:\/\/emanuel-zermatt.ch\/de\/wp-json\/wp\/v2\/pages"}],"about":[{"href":"https:\/\/emanuel-zermatt.ch\/de\/wp-json\/wp\/v2\/types\/page"}],"author":[{"embeddable":true,"href":"https:\/\/emanuel-zermatt.ch\/de\/wp-json\/wp\/v2\/users\/1"}],"replies":[{"embeddable":true,"href":"https:\/\/emanuel-zermatt.ch\/de\/wp-json\/wp\/v2\/comments?post=3308"}],"version-history":[{"count":177,"href":"https:\/\/emanuel-zermatt.ch\/de\/wp-json\/wp\/v2\/pages\/3308\/revisions"}],"predecessor-version":[{"id":4671,"href":"https:\/\/emanuel-zermatt.ch\/de\/wp-json\/wp\/v2\/pages\/3308\/revisions\/4671"}],"wp:featuredmedia":[{"embeddable":true,"href":"https:\/\/emanuel-zermatt.ch\/de\/wp-json\/wp\/v2\/media\/3425"}],"wp:attachment":[{"href":"https:\/\/emanuel-zermatt.ch\/de\/wp-json\/wp\/v2\/media?parent=3308"}],"curies":[{"name":"wp","href":"https:\/\/api.w.org\/{rel}","templated":true}]}}